{"id":340,"date":"2018-12-06T14:03:38","date_gmt":"2018-12-06T14:03:38","guid":{"rendered":"https:\/\/www.przedswit.waw.pl\/?page_id=340"},"modified":"2018-12-06T14:03:38","modified_gmt":"2018-12-06T14:03:38","slug":"340-2","status":"publish","type":"page","link":"https:\/\/www.przedswit.waw.pl\/?page_id=340","title":{"rendered":""},"content":{"rendered":"<p><span class=\"style1\">Z wielkim smutkiem \u017cegnamy Mariana Terleckiego, re\u017cysera i producenta filmowego, autora dw\u00f3ch ksi\u0105\u017cek wydanych w naszym wydawnictwie. W 1983 r. wydali\u015bmy jego wspomnienia pt. &#8222;Poszukiwany&#8221;, a w roku 1984 napisan\u0105 wraz z Antonim Pawlakiem ksi\u0105\u017ck\u0119 &#8222;Ka\u017cdy z was jest Wa\u0142\u0119s\u0105&#8221;. Jeszcze rok temu napisa\u0142 dla nas\u00a0<\/span><span class=\"style19\">kr\u00f3tkie wspomnienie<\/span><span class=\"style1\">\u00a0z okazji 25 rocznicy powstania Przed\u015bwitu.<\/span><\/p>\n","protected":false},"excerpt":{"rendered":"<p>Z wielkim smutkiem \u017cegnamy Mariana Terleckiego, re\u017cysera i producenta filmowego, autora dw\u00f3ch ksi\u0105\u017cek wydanych w naszym wydawnictwie. W 1983 r. wydali\u015bmy jego wspomnienia pt. &#8222;Poszukiwany&#8221;, a w roku 1984 napisan\u0105 wraz z Antonim Pawlakiem ksi\u0105\u017ck\u0119 &#8222;Ka\u017cdy z was jest Wa\u0142\u0119s\u0105&#8221;. Jeszcze rok temu napisa\u0142 dla nas\u00a0kr\u00f3tkie wspomnienie\u00a0z okazji 25 rocznicy powstania Przed\u015bwitu.<\/p>\n","protected":false},"author":1,"featured_media":0,"parent":0,"menu_order":0,"comment_status":"closed","ping_status":"closed","template":"","meta":{"footnotes":""},"class_list":["post-340","page","type-page","status-publish"],"_links":{"self":[{"href":"https:\/\/www.przedswit.waw.pl\/index.php?rest_route=\/wp\/v2\/pages\/340","targetHints":{"allow":["GET"]}}],"collection":[{"href":"https:\/\/www.przedswit.waw.pl\/index.php?rest_route=\/wp\/v2\/pages"}],"about":[{"href":"https:\/\/www.przedswit.waw.pl\/index.php?rest_route=\/wp\/v2\/types\/page"}],"author":[{"embeddable":true,"href":"https:\/\/www.przedswit.waw.pl\/index.php?rest_route=\/wp\/v2\/users\/1"}],"replies":[{"embeddable":true,"href":"https:\/\/www.przedswit.waw.pl\/index.php?rest_route=%2Fwp%2Fv2%2Fcomments&post=340"}],"version-history":[{"count":1,"href":"https:\/\/www.przedswit.waw.pl\/index.php?rest_route=\/wp\/v2\/pages\/340\/revisions"}],"predecessor-version":[{"id":341,"href":"https:\/\/www.przedswit.waw.pl\/index.php?rest_route=\/wp\/v2\/pages\/340\/revisions\/341"}],"wp:attachment":[{"href":"https:\/\/www.przedswit.waw.pl\/index.php?rest_route=%2Fwp%2Fv2%2Fmedia&parent=340"}],"curies":[{"name":"wp","href":"https:\/\/api.w.org\/{rel}","templated":true}]}}