{"id":738,"date":"2023-12-12T18:39:05","date_gmt":"2023-12-12T18:39:05","guid":{"rendered":"https:\/\/www.przedswit.waw.pl\/?page_id=738"},"modified":"2023-12-12T18:44:33","modified_gmt":"2023-12-12T18:44:33","slug":"krzyz-wolnosci-i-solidarnosci-dla-ludzi-przedswitu","status":"publish","type":"page","link":"https:\/\/www.przedswit.waw.pl\/?page_id=738","title":{"rendered":"Krzy\u017c Wolno\u015bci i Solidarno\u015bci dla ludzi Przed\u015bwitu."},"content":{"rendered":"<p>Wac\u0142aw Holewi\u0144ski, Wies\u0142aw Bieli\u0144ski oraz Tomasz Dolecki otrzymali Krzy\u017ce Wolno\u015bci i Solidarno\u015bci, odznaczenie przyznawane przez Prezydenta RP dzia\u0142aczom opozycji wobec dyktatury komunistycznej w PRL.<\/p>\n<p><a href=\"https:\/\/odznaczeni-kwis.ipn.gov.pl\/persons\/view\/43526298-f188-4836-bb9f-51d6c41340d7\">https:\/\/odznaczeni-kwis.ipn.gov.pl\/persons\/view\/43526298-f188-4836-bb9f-51d6c41340d7<\/a><\/p>\n<p><a href=\"https:\/\/ipn.gov.pl\/kwi\/uroczystosci\/5203,Prezes-IPN-po-13-grudnia-staneliscie-Panstwo-po-dobrej-stronie.html\">https:\/\/ipn.gov.pl\/kwi\/uroczystosci\/5203,Prezes-IPN-po-13-grudnia-staneliscie-Panstwo-po-dobrej-stronie.html<\/a><\/p>\n<p><a href=\"https:\/\/odznaczeni-kwis.ipn.gov.pl\/persons\/view\/82207c05-afde-4418-8cb1-f1ba093d2758\">https:\/\/odznaczeni-kwis.ipn.gov.pl\/persons\/view\/82207c05-afde-4418-8cb1-f1ba093d2758<\/a><\/p>\n","protected":false},"excerpt":{"rendered":"<p>Wac\u0142aw Holewi\u0144ski, Wies\u0142aw Bieli\u0144ski oraz Tomasz Dolecki otrzymali Krzy\u017ce Wolno\u015bci i Solidarno\u015bci, odznaczenie przyznawane przez Prezydenta RP dzia\u0142aczom opozycji wobec dyktatury komunistycznej w PRL. https:\/\/odznaczeni-kwis.ipn.gov.pl\/persons\/view\/43526298-f188-4836-bb9f-51d6c41340d7 https:\/\/ipn.gov.pl\/kwi\/uroczystosci\/5203,Prezes-IPN-po-13-grudnia-staneliscie-Panstwo-po-dobrej-stronie.html https:\/\/odznaczeni-kwis.ipn.gov.pl\/persons\/view\/82207c05-afde-4418-8cb1-f1ba093d2758<\/p>\n","protected":false},"author":1,"featured_media":0,"parent":0,"menu_order":0,"comment_status":"closed","ping_status":"closed","template":"","meta":{"footnotes":""},"class_list":["post-738","page","type-page","status-publish"],"_links":{"self":[{"href":"https:\/\/www.przedswit.waw.pl\/index.php?rest_route=\/wp\/v2\/pages\/738","targetHints":{"allow":["GET"]}}],"collection":[{"href":"https:\/\/www.przedswit.waw.pl\/index.php?rest_route=\/wp\/v2\/pages"}],"about":[{"href":"https:\/\/www.przedswit.waw.pl\/index.php?rest_route=\/wp\/v2\/types\/page"}],"author":[{"embeddable":true,"href":"https:\/\/www.przedswit.waw.pl\/index.php?rest_route=\/wp\/v2\/users\/1"}],"replies":[{"embeddable":true,"href":"https:\/\/www.przedswit.waw.pl\/index.php?rest_route=%2Fwp%2Fv2%2Fcomments&post=738"}],"version-history":[{"count":2,"href":"https:\/\/www.przedswit.waw.pl\/index.php?rest_route=\/wp\/v2\/pages\/738\/revisions"}],"predecessor-version":[{"id":743,"href":"https:\/\/www.przedswit.waw.pl\/index.php?rest_route=\/wp\/v2\/pages\/738\/revisions\/743"}],"wp:attachment":[{"href":"https:\/\/www.przedswit.waw.pl\/index.php?rest_route=%2Fwp%2Fv2%2Fmedia&parent=738"}],"curies":[{"name":"wp","href":"https:\/\/api.w.org\/{rel}","templated":true}]}}